{"id":44,"date":"2025-06-09T18:36:53","date_gmt":"2025-06-09T18:36:53","guid":{"rendered":"https:\/\/tecnicoportuario.actiontracker.eu\/?page_id=44"},"modified":"2025-06-09T18:39:27","modified_gmt":"2025-06-09T18:39:27","slug":"servicios-tecnicos-portuarios-inicio","status":"publish","type":"page","link":"https:\/\/tecnicoportuario.actiontracker.eu\/","title":{"rendered":"Servicios T\u00e9cnicos Portuarios Inicio"},"content":{"rendered":"\t\t<div data-elementor-type=\"wp-page\" data-elementor-id=\"44\" class=\"elementor elementor-44\" data-elementor-post-type=\"page\">\n\t\t\t\t<div class=\"elementor-element elementor-element-569411ea e-flex e-con-boxed e-con e-parent\" data-id=\"569411ea\" data-element_type=\"container\" data-settings=\"{&quot;background_background&quot;:&quot;classic&quot;}\">\n\t\t\t\t\t<div class=\"e-con-inner\">\n\t\t<div class=\"elementor-element elementor-element-65fa2ab6 e-con-full e-flex e-con e-child\" data-id=\"65fa2ab6\" data-element_type=\"container\">\n\t\t<div class=\"elementor-element elementor-element-3b86b02e e-con-full e-flex e-con e-child\" data-id=\"3b86b02e\" data-element_type=\"container\">\n\t\t<div class=\"elementor-element elementor-element-170cb113 e-con-full e-flex e-con e-child\" data-id=\"170cb113\" data-element_type=\"container\">\n\t\t\t\t<div class=\"elementor-element elementor-element-b8a2d7b elementor-widget elementor-widget-image\" data-id=\"b8a2d7b\" data-element_type=\"widget\" data-widget_type=\"image.default\">\n\t\t\t\t<div class=\"elementor-widget-container\">\n\t\t\t\t\t\t\t\t\t\t\t\t\t\t\t<img decoding=\"async\" width=\"151\" height=\"44\" src=\"https:\/\/tecnicoportuario.actiontracker.eu\/wp-content\/uploads\/2025\/06\/Sin-titulo-1-26-2.png\" class=\"attachment-full size-full wp-image-10\" alt=\"\" \/>\t\t\t\t\t\t\t\t\t\t\t\t\t\t\t<\/div>\n\t\t\t\t<\/div>\n\t\t\t\t<\/div>\n\t\t<div class=\"elementor-element elementor-element-240de391 e-con-full e-flex e-con e-child\" data-id=\"240de391\" data-element_type=\"container\">\n\t\t\t\t<div class=\"elementor-element elementor-element-4b3d2b8c elementor-widget elementor-widget-heading\" data-id=\"4b3d2b8c\" data-element_type=\"widget\" data-widget_type=\"heading.default\">\n\t\t\t\t<div class=\"elementor-widget-container\">\n\t\t\t\t\t<h2 class=\"elementor-heading-title elementor-size-default\">Un ecosistema de soluciones para<\/h2>\t\t\t\t<\/div>\n\t\t\t\t<\/div>\n\t\t\t\t<div class=\"elementor-element elementor-element-4f2b1168 elementor-widget elementor-widget-heading\" data-id=\"4f2b1168\" data-element_type=\"widget\" data-widget_type=\"heading.default\">\n\t\t\t\t<div class=\"elementor-widget-container\">\n\t\t\t\t\t<h2 class=\"elementor-heading-title elementor-size-default\">Servicios T\u00e9cnicos Portuarios<\/h2>\t\t\t\t<\/div>\n\t\t\t\t<\/div>\n\t\t\t\t<div class=\"elementor-element elementor-element-332b8335 elementor-widget elementor-widget-button\" data-id=\"332b8335\" data-element_type=\"widget\" data-widget_type=\"button.default\">\n\t\t\t\t<div class=\"elementor-widget-container\">\n\t\t\t\t\t\t\t\t\t<div class=\"elementor-button-wrapper\">\n\t\t\t\t\t<a class=\"elementor-button elementor-button-link elementor-size-sm\" href=\"https:\/\/actiontracker.eu\/contactenos\/\">\n\t\t\t\t\t\t<span class=\"elementor-button-content-wrapper\">\n\t\t\t\t\t\t\t\t\t<span class=\"elementor-button-text\">Quiero saber m\u00e1s<\/span>\n\t\t\t\t\t<\/span>\n\t\t\t\t\t<\/a>\n\t\t\t\t<\/div>\n\t\t\t\t\t\t\t\t<\/div>\n\t\t\t\t<\/div>\n\t\t\t\t<\/div>\n\t\t\t\t<\/div>\n\t\t\t\t<\/div>\n\t\t<div class=\"elementor-element elementor-element-287038ee e-con-full elementor-hidden-tablet elementor-hidden-mobile e-flex e-con e-child\" data-id=\"287038ee\" data-element_type=\"container\">\n\t\t\t\t<\/div>\n\t\t\t\t\t<\/div>\n\t\t\t\t<\/div>\n\t\t<div class=\"elementor-element elementor-element-2dfacb79 e-flex e-con-boxed e-con e-parent\" data-id=\"2dfacb79\" data-element_type=\"container\">\n\t\t\t\t\t<div class=\"e-con-inner\">\n\t\t<div class=\"elementor-element elementor-element-48889067 e-con-full e-flex e-con e-child\" data-id=\"48889067\" data-element_type=\"container\" data-settings=\"{&quot;background_background&quot;:&quot;classic&quot;}\">\n\t\t<div class=\"elementor-element elementor-element-62466e8b e-con-full e-flex e-con e-child\" data-id=\"62466e8b\" data-element_type=\"container\">\n\t\t\t\t<div class=\"elementor-element elementor-element-2b8ee45f elementor-widget elementor-widget-heading\" data-id=\"2b8ee45f\" data-element_type=\"widget\" data-widget_type=\"heading.default\">\n\t\t\t\t<div class=\"elementor-widget-container\">\n\t\t\t\t\t<h3 class=\"elementor-heading-title elementor-size-default\">A trav\u00e9s de una <span class=\"orange\">interfaz intuitiva<\/span> y conectividad avanzada,  <span class=\"orange\">permite un control y seguridad total <\/span> en el entorno de trabajo.<\/h3>\t\t\t\t<\/div>\n\t\t\t\t<\/div>\n\t\t\t\t<\/div>\n\t\t<div class=\"elementor-element elementor-element-24331651 e-con-full e-flex e-con e-child\" data-id=\"24331651\" data-element_type=\"container\">\n\t\t\t\t<div class=\"elementor-element elementor-element-16fbbb42 elementor-widget elementor-widget-image\" data-id=\"16fbbb42\" data-element_type=\"widget\" data-widget_type=\"image.default\">\n\t\t\t\t<div class=\"elementor-widget-container\">\n\t\t\t\t\t\t\t\t\t\t\t\t\t\t\t<img fetchpriority=\"high\" decoding=\"async\" width=\"325\" height=\"523\" src=\"https:\/\/tecnicoportuario.actiontracker.eu\/wp-content\/uploads\/2025\/06\/Group-186-2.png\" class=\"attachment-full size-full wp-image-48\" alt=\"caracteristicas y soluciones para el entorno tecnico portuario\" srcset=\"https:\/\/tecnicoportuario.actiontracker.eu\/wp-content\/uploads\/2025\/06\/Group-186-2.png 325w, https:\/\/tecnicoportuario.actiontracker.eu\/wp-content\/uploads\/2025\/06\/Group-186-2-186x300.png 186w\" sizes=\"(max-width: 325px) 100vw, 325px\" \/>\t\t\t\t\t\t\t\t\t\t\t\t\t\t\t<\/div>\n\t\t\t\t<\/div>\n\t\t\t\t<\/div>\n\t\t\t\t<\/div>\n\t\t\t\t\t<\/div>\n\t\t\t\t<\/div>\n\t\t<div class=\"elementor-element elementor-element-4bd7cc58 e-con-full e-flex e-con e-parent\" data-id=\"4bd7cc58\" data-element_type=\"container\" data-settings=\"{&quot;background_background&quot;:&quot;classic&quot;}\">\n\t\t\t\t<\/div>\n\t\t<div class=\"elementor-element elementor-element-6e7bbb13 e-con-full e-flex e-con e-parent\" data-id=\"6e7bbb13\" data-element_type=\"container\" data-settings=\"{&quot;background_background&quot;:&quot;classic&quot;}\">\n\t\t<div class=\"elementor-element elementor-element-32b5361f e-con-full e-flex e-con e-child\" data-id=\"32b5361f\" data-element_type=\"container\">\n\t\t\t\t<div class=\"elementor-element elementor-element-503e6911 elementor-widget elementor-widget-text-editor\" data-id=\"503e6911\" data-element_type=\"widget\" data-widget_type=\"text-editor.default\">\n\t\t\t\t<div class=\"elementor-widget-container\">\n\t\t\t\t\t\t\t\t\t<p>Exocare ha sido dise\u00f1ada para responder a los desaf\u00edos operativos y de seguridad que enfrentan la industria e\u00f3lica. Su implementaci\u00f3n no solo transforma la gesti\u00f3n operativa, sino que ofrece beneficios concretos y medibles en t\u00e9rminos de seguridad, eficiencia y sostenibilidad econ\u00f3mica.<br \/><br \/>La gesti\u00f3n inteligente de tareas, que permite asignar, supervisar y validar actividades en tiempo real, ya sea a trabajadores individuales, cuadrillas o subcontratas. <br \/><br \/>Ademas en entornos peligrosos, el sistema de alertas ofrece monitoreo en tiempo real y protocolos de respuesta automatizados que permiten actuar con rapidez ante cualquier incidente, minimizando riesgos humanos, materiales e impactando directamente en una menor incidencia de bajas laborales, la reducci\u00f3n de costes econ\u00f3micos asociados a la interrupci\u00f3n de actividades, reemplazos o sanciones legales.<br \/><br \/>Gracias a su funcionalidad de geolocalizaci\u00f3n en tiempo real, es posible saber con exactitud d\u00f3nde se encuentran tanto el personal como los equipos,mejorando la log\u00edstica.<\/p>\t\t\t\t\t\t\t\t<\/div>\n\t\t\t\t<\/div>\n\t\t\t\t<\/div>\n\t\t<div class=\"elementor-element elementor-element-41d25fd e-con-full e-flex e-con e-child\" data-id=\"41d25fd\" data-element_type=\"container\">\n\t\t\t\t<div class=\"elementor-element elementor-element-48271b3 elementor-widget elementor-widget-video\" data-id=\"48271b3\" data-element_type=\"widget\" data-settings=\"{&quot;youtube_url&quot;:&quot;https:\\\/\\\/www.youtube.com\\\/watch?v=hvnFYgEtAC4&quot;,&quot;video_type&quot;:&quot;youtube&quot;,&quot;controls&quot;:&quot;yes&quot;}\" data-widget_type=\"video.default\">\n\t\t\t\t<div class=\"elementor-widget-container\">\n\t\t\t\t\t\t\t<div class=\"elementor-wrapper elementor-open-inline\">\n\t\t\t<div class=\"elementor-video\"><\/div>\t\t<\/div>\n\t\t\t\t\t\t<\/div>\n\t\t\t\t<\/div>\n\t\t\t\t<\/div>\n\t\t\t\t<\/div>\n\t\t<div class=\"elementor-element elementor-element-6be4c908 e-flex e-con-boxed e-con e-parent\" data-id=\"6be4c908\" data-element_type=\"container\">\n\t\t\t\t\t<div class=\"e-con-inner\">\n\t\t<div class=\"elementor-element elementor-element-59bc942c e-con-full e-flex e-con e-child\" data-id=\"59bc942c\" data-element_type=\"container\">\n\t\t\t\t<div class=\"elementor-element elementor-element-1790c291 elementor-widget elementor-widget-heading\" data-id=\"1790c291\" data-element_type=\"widget\" data-widget_type=\"heading.default\">\n\t\t\t\t<div class=\"elementor-widget-container\">\n\t\t\t\t\t<h3 class=\"elementor-heading-title elementor-size-default\"><b>Exocare es una aliada clave!<\/b> \npara optimizar recursos, proteger al equipo humano y garantizar la continuidad de las operaciones en los sectores m\u00e1s exigentes.<\/h3>\t\t\t\t<\/div>\n\t\t\t\t<\/div>\n\t\t\t\t<\/div>\n\t\t\t\t\t<\/div>\n\t\t\t\t<\/div>\n\t\t<div class=\"elementor-element elementor-element-503e05 e-con-full e-flex e-con e-parent\" data-id=\"503e05\" data-element_type=\"container\" data-settings=\"{&quot;background_background&quot;:&quot;classic&quot;}\">\n\t\t<div class=\"elementor-element elementor-element-5690f1f5 e-con-full e-flex e-con e-child\" data-id=\"5690f1f5\" data-element_type=\"container\">\n\t\t\t\t<div class=\"elementor-element elementor-element-770f1cc3 elementor-widget elementor-widget-heading\" data-id=\"770f1cc3\" data-element_type=\"widget\" data-widget_type=\"heading.default\">\n\t\t\t\t<div class=\"elementor-widget-container\">\n\t\t\t\t\t<h2 class=\"elementor-heading-title elementor-size-default\">\u00bfBuscas seguridad para el personal y los bienes de tu empresa?<\/h2>\t\t\t\t<\/div>\n\t\t\t\t<\/div>\n\t\t\t\t<div class=\"elementor-element elementor-element-7b5075f5 elementor-widget elementor-widget-heading\" data-id=\"7b5075f5\" data-element_type=\"widget\" data-widget_type=\"heading.default\">\n\t\t\t\t<div class=\"elementor-widget-container\">\n\t\t\t\t\t<h2 class=\"elementor-heading-title elementor-size-default\">Cont\u00e1ctanos y recibe toda la informaci\u00f3n que necesitas<\/h2>\t\t\t\t<\/div>\n\t\t\t\t<\/div>\n\t\t\t\t<div class=\"elementor-element elementor-element-70bc6adf elementor-widget elementor-widget-button\" data-id=\"70bc6adf\" data-element_type=\"widget\" data-widget_type=\"button.default\">\n\t\t\t\t<div class=\"elementor-widget-container\">\n\t\t\t\t\t\t\t\t\t<div class=\"elementor-button-wrapper\">\n\t\t\t\t\t<a class=\"elementor-button elementor-button-link elementor-size-sm\" href=\"https:\/\/actiontracker.eu\/contactenos\/\">\n\t\t\t\t\t\t<span class=\"elementor-button-content-wrapper\">\n\t\t\t\t\t\t\t\t\t<span class=\"elementor-button-text\">Contactar<\/span>\n\t\t\t\t\t<\/span>\n\t\t\t\t\t<\/a>\n\t\t\t\t<\/div>\n\t\t\t\t\t\t\t\t<\/div>\n\t\t\t\t<\/div>\n\t\t\t\t<\/div>\n\t\t\t\t<\/div>\n\t\t\t\t<\/div>\n\t\t","protected":false},"excerpt":{"rendered":"<p>Un ecosistema de soluciones para Servicios T\u00e9cnicos Portuarios Quiero saber m\u00e1s A trav\u00e9s de una interfaz intuitiva y conectividad avanzada, [&hellip;]<\/p>\n","protected":false},"author":1,"featured_media":0,"parent":0,"menu_order":0,"comment_status":"closed","ping_status":"closed","template":"","meta":{"site-sidebar-layout":"no-sidebar","site-content-layout":"","ast-site-content-layout":"full-width-container","site-content-style":"default","site-sidebar-style":"default","ast-global-header-display":"","ast-banner-title-visibility":"","ast-main-header-display":"","ast-hfb-above-header-display":"","ast-hfb-below-header-display":"","ast-hfb-mobile-header-display":"","site-post-title":"disabled","ast-breadcrumbs-content":"","ast-featured-img":"disabled","footer-sml-layout":"","theme-transparent-header-meta":"","adv-header-id-meta":"","stick-header-meta":"","header-above-stick-meta":"","header-main-stick-meta":"","header-below-stick-meta":"","astra-migrate-meta-layouts":"default","ast-page-background-enabled":"default","ast-page-background-meta":{"desktop":{"background-color":"var(--ast-global-color-5)","background-image":"","background-repeat":"repeat","background-position":"center center","background-size":"auto","background-attachment":"scroll","background-type":"","background-media":"","overlay-type":"","overlay-color":"","overlay-opacity":"","overlay-gradient":""},"tablet":{"background-color":"","background-image":"","background-repeat":"repeat","background-position":"center center","background-size":"auto","background-attachment":"scroll","background-type":"","background-media":"","overlay-type":"","overlay-color":"","overlay-opacity":"","overlay-gradient":""},"mobile":{"background-color":"","background-image":"","background-repeat":"repeat","background-position":"center center","background-size":"auto","background-attachment":"scroll","background-type":"","background-media":"","overlay-type":"","overlay-color":"","overlay-opacity":"","overlay-gradient":""}},"ast-content-background-meta":{"desktop":{"background-color":"var(--ast-global-color-4)","background-image":"","background-repeat":"repeat","background-position":"center center","background-size":"auto","background-attachment":"scroll","background-type":"","background-media":"","overlay-type":"","overlay-color":"","overlay-opacity":"","overlay-gradient":""},"tablet":{"background-color":"var(--ast-global-color-4)","background-image":"","background-repeat":"repeat","background-position":"center center","background-size":"auto","background-attachment":"scroll","background-type":"","background-media":"","overlay-type":"","overlay-color":"","overlay-opacity":"","overlay-gradient":""},"mobile":{"background-color":"var(--ast-global-color-4)","background-image":"","background-repeat":"repeat","background-position":"center center","background-size":"auto","background-attachment":"scroll","background-type":"","background-media":"","overlay-type":"","overlay-color":"","overlay-opacity":"","overlay-gradient":""}},"footnotes":""},"class_list":["post-44","page","type-page","status-publish","hentry"],"_links":{"self":[{"href":"https:\/\/tecnicoportuario.actiontracker.eu\/index.php?rest_route=\/wp\/v2\/pages\/44","targetHints":{"allow":["GET"]}}],"collection":[{"href":"https:\/\/tecnicoportuario.actiontracker.eu\/index.php?rest_route=\/wp\/v2\/pages"}],"about":[{"href":"https:\/\/tecnicoportuario.actiontracker.eu\/index.php?rest_route=\/wp\/v2\/types\/page"}],"author":[{"embeddable":true,"href":"https:\/\/tecnicoportuario.actiontracker.eu\/index.php?rest_route=\/wp\/v2\/users\/1"}],"replies":[{"embeddable":true,"href":"https:\/\/tecnicoportuario.actiontracker.eu\/index.php?rest_route=%2Fwp%2Fv2%2Fcomments&post=44"}],"version-history":[{"count":4,"href":"https:\/\/tecnicoportuario.actiontracker.eu\/index.php?rest_route=\/wp\/v2\/pages\/44\/revisions"}],"predecessor-version":[{"id":52,"href":"https:\/\/tecnicoportuario.actiontracker.eu\/index.php?rest_route=\/wp\/v2\/pages\/44\/revisions\/52"}],"wp:attachment":[{"href":"https:\/\/tecnicoportuario.actiontracker.eu\/index.php?rest_route=%2Fwp%2Fv2%2Fmedia&parent=44"}],"curies":[{"name":"wp","href":"https:\/\/api.w.org\/{rel}","templated":true}]}}